{"id":2432,"date":"2025-08-25T17:43:21","date_gmt":"2025-08-25T21:43:21","guid":{"rendered":"https:\/\/laurencegemin.com\/?page_id=2432"},"modified":"2025-09-17T16:35:44","modified_gmt":"2025-09-17T20:35:44","slug":"challenges","status":"publish","type":"page","link":"https:\/\/laurencegemin.com\/en\/challenges\/","title":{"rendered":"Challenges"},"content":{"rendered":"<div data-elementor-type=\"wp-page\" data-elementor-id=\"2432\" class=\"elementor elementor-2432\" data-elementor-post-type=\"page\">\n\t\t\t\t<div class=\"elementor-element elementor-element-5a557933 e-flex e-con-boxed e-con e-parent\" data-id=\"5a557933\" data-element_type=\"container\" data-settings=\"{&quot;background_background&quot;:&quot;classic&quot;}\">\n\t\t\t\t\t<div class=\"e-con-inner\">\n\t\t<div class=\"elementor-element elementor-element-6a708bee e-con-full e-flex e-con e-child\" data-id=\"6a708bee\" data-element_type=\"container\">\n\t\t\t\t<div class=\"elementor-element elementor-element-39547ec6 elementor-widget elementor-widget-heading\" data-id=\"39547ec6\" data-element_type=\"widget\" data-widget_type=\"heading.default\">\n\t\t\t\t<div class=\"elementor-widget-container\">\n\t\t\t\t\t<h6 class=\"elementor-heading-title elementor-size-default\">Coaching<\/h6>\t\t\t\t<\/div>\n\t\t\t\t<\/div>\n\t\t\t\t<div class=\"elementor-element elementor-element-28a23c18 elementor-widget elementor-widget-heading\" data-id=\"28a23c18\" data-element_type=\"widget\" data-widget_type=\"heading.default\">\n\t\t\t\t<div class=\"elementor-widget-container\">\n\t\t\t\t\t<h1 class=\"elementor-heading-title elementor-size-default\">Nos Challenges<\/h1>\t\t\t\t<\/div>\n\t\t\t\t<\/div>\n\t\t\t\t<div class=\"elementor-element elementor-element-7f8b9def elementor-widget elementor-widget-text-editor\" data-id=\"7f8b9def\" data-element_type=\"widget\" data-widget_type=\"text-editor.default\">\n\t\t\t\t<div class=\"elementor-widget-container\">\n\t\t\t\t\t\t\t\t\t<p>Des exp\u00e9riences transformatrices pour t\u2019aider \u00e0 te r\u00e9v\u00e9ler et \u00e0 t\u2019aimer pleinement.<\/p>\t\t\t\t\t\t\t\t<\/div>\n\t\t\t\t<\/div>\n\t\t\t\t<\/div>\n\t\t\t\t\t<\/div>\n\t\t\t\t<\/div>\n\t\t\t\t<section class=\"elementor-section elementor-inner-section elementor-element elementor-element-c19e585 elementor-section-content-middle elementor-section-boxed elementor-section-height-default elementor-section-height-default\" data-id=\"c19e585\" data-element_type=\"section\" data-settings=\"{&quot;animation_mobile&quot;:&quot;fadeIn&quot;}\">\n\t\t\t\t\t\t<div class=\"elementor-container elementor-column-gap-no\">\n\t\t\t\t\t<div class=\"elementor-column elementor-col-66 elementor-inner-column elementor-element elementor-element-a7cb37e\" data-id=\"a7cb37e\" data-element_type=\"column\" data-settings=\"{&quot;animation_mobile&quot;:&quot;none&quot;}\">\n\t\t\t<div class=\"elementor-widget-wrap elementor-element-populated\">\n\t\t\t\t\t\t<div class=\"elementor-element elementor-element-41ba3e4 elementor-widget elementor-widget-image\" data-id=\"41ba3e4\" data-element_type=\"widget\" data-widget_type=\"image.default\">\n\t\t\t\t<div class=\"elementor-widget-container\">\n\t\t\t\t\t\t\t\t\t\t\t\t\t\t\t<img fetchpriority=\"high\" decoding=\"async\" width=\"768\" height=\"1024\" src=\"https:\/\/laurencegemin.com\/wp-content\/uploads\/2025\/08\/WhatsApp-Image-2025-08-25-at-18.31.09_d29b379d-768x1024.jpg\" class=\"attachment-large size-large wp-image-2465\" alt=\"\" srcset=\"https:\/\/laurencegemin.com\/wp-content\/uploads\/2025\/08\/WhatsApp-Image-2025-08-25-at-18.31.09_d29b379d-768x1024.jpg 768w, https:\/\/laurencegemin.com\/wp-content\/uploads\/2025\/08\/WhatsApp-Image-2025-08-25-at-18.31.09_d29b379d-225x300.jpg 225w, https:\/\/laurencegemin.com\/wp-content\/uploads\/2025\/08\/WhatsApp-Image-2025-08-25-at-18.31.09_d29b379d-1152x1536.jpg 1152w, https:\/\/laurencegemin.com\/wp-content\/uploads\/2025\/08\/WhatsApp-Image-2025-08-25-at-18.31.09_d29b379d-9x12.jpg 9w, https:\/\/laurencegemin.com\/wp-content\/uploads\/2025\/08\/WhatsApp-Image-2025-08-25-at-18.31.09_d29b379d.jpg 1200w\" sizes=\"(max-width: 768px) 100vw, 768px\" \/>\t\t\t\t\t\t\t\t\t\t\t\t\t\t\t<\/div>\n\t\t\t\t<\/div>\n\t\t\t\t\t<\/div>\n\t\t<\/div>\n\t\t\t\t<div class=\"elementor-column elementor-col-33 elementor-inner-column elementor-element elementor-element-ea88a81 elementor-invisible\" data-id=\"ea88a81\" data-element_type=\"column\" data-settings=\"{&quot;background_background&quot;:&quot;classic&quot;,&quot;animation&quot;:&quot;fadeInRight&quot;,&quot;animation_mobile&quot;:&quot;none&quot;}\">\n\t\t\t<div class=\"elementor-widget-wrap elementor-element-populated\">\n\t\t\t\t\t\t<div class=\"elementor-element elementor-element-5e7d1be elementor-widget elementor-widget-heading\" data-id=\"5e7d1be\" data-element_type=\"widget\" data-widget_type=\"heading.default\">\n\t\t\t\t<div class=\"elementor-widget-container\">\n\t\t\t\t\t<h3 class=\"elementor-heading-title elementor-size-default\">Je m'aime et alors<\/h3>\t\t\t\t<\/div>\n\t\t\t\t<\/div>\n\t\t\t\t<div class=\"elementor-element elementor-element-479f67e elementor-widget-divider--view-line elementor-widget elementor-widget-divider\" data-id=\"479f67e\" data-element_type=\"widget\" data-widget_type=\"divider.default\">\n\t\t\t\t<div class=\"elementor-widget-container\">\n\t\t\t\t\t\t\t<div class=\"elementor-divider\">\n\t\t\t<span class=\"elementor-divider-separator\">\n\t\t\t\t\t\t<\/span>\n\t\t<\/div>\n\t\t\t\t\t\t<\/div>\n\t\t\t\t<\/div>\n\t\t\t\t<div class=\"elementor-element elementor-element-b0b4315 elementor-widget elementor-widget-heading\" data-id=\"b0b4315\" data-element_type=\"widget\" data-widget_type=\"heading.default\">\n\t\t\t\t<div class=\"elementor-widget-container\">\n\t\t\t\t\t<h5 class=\"elementor-heading-title elementor-size-default\">BY LAURENCE GEMIN<\/h5>\t\t\t\t<\/div>\n\t\t\t\t<\/div>\n\t\t\t\t<div class=\"elementor-element elementor-element-3fd7e79 elementor-widget elementor-widget-text-editor\" data-id=\"3fd7e79\" data-element_type=\"widget\" data-widget_type=\"text-editor.default\">\n\t\t\t\t<div class=\"elementor-widget-container\">\n\t\t\t\t\t\t\t\t\t<p>\ud83d\udcc5 <strong data-start=\"210\" data-end=\"218\">Date<\/strong> : \u00c0 partir du <strong>1er octobre<\/strong><br data-start=\"233\" data-end=\"236\" \/>\u23f3 Dur\u00e9e : <strong data-start=\"369\" data-end=\"406\">21 jours intenses d\u2019introspection<\/strong><br data-start=\"406\" data-end=\"409\" \/>\ud83d\udcbb Format : <strong data-start=\"421\" data-end=\"433\">En ligne<\/strong><br data-start=\"433\" data-end=\"436\" \/>\ud83d\udcb0 Tarif : <strong>167\u20ac<\/strong><\/p>\t\t\t\t\t\t\t\t<\/div>\n\t\t\t\t<\/div>\n\t\t\t\t<div class=\"elementor-element elementor-element-74c339f elementor-widget elementor-widget-text-editor\" data-id=\"74c339f\" data-element_type=\"widget\" data-widget_type=\"text-editor.default\">\n\t\t\t\t<div class=\"elementor-widget-container\">\n\t\t\t\t\t\t\t\t\t<p>Un programme immersif sur 21 jours pour t\u2019accompagner pas \u00e0 pas vers plus d\u2019amour de toi. Chaque jour, tu seras guid\u00e9(e) par des pratiques simples, profondes et puissantes pour te reconnecter \u00e0 ton \u00eatre et cultiver une confiance durable.<\/p>\t\t\t\t\t\t\t\t<\/div>\n\t\t\t\t<\/div>\n\t\t\t\t<div class=\"elementor-element elementor-element-192d02a elementor-widget elementor-widget-text-editor\" data-id=\"192d02a\" data-element_type=\"widget\" data-widget_type=\"text-editor.default\">\n\t\t\t\t<div class=\"elementor-widget-container\">\n\t\t\t\t\t\t\t\t\t<p><strong data-start=\"699\" data-end=\"717\">Au programme :<\/strong><br data-start=\"717\" data-end=\"720\" \/>\u2705 Chaque matin, une <strong data-start=\"740\" data-end=\"756\">vid\u00e9o guid\u00e9e<\/strong> pour t\u2019inspirer et passer \u00e0 l\u2019action.<br data-start=\"794\" data-end=\"797\" \/>\u2705 Chaque soir, une <strong data-start=\"816\" data-end=\"851\">connexion group\u00e9e de 45 minutes<\/strong> pour partager, \u00e9changer et progresser ensemble.<br data-start=\"899\" data-end=\"902\" \/>\u2705 Un <strong data-start=\"907\" data-end=\"927\">PDF personnalis\u00e9<\/strong> afin de suivre ton \u00e9volution et ancrer tes prises de conscience.<\/p>\t\t\t\t\t\t\t\t<\/div>\n\t\t\t\t<\/div>\n\t\t\t\t<div class=\"elementor-element elementor-element-36a754b elementor-mobile-align-center elementor-align-center elementor-widget elementor-widget-button\" data-id=\"36a754b\" data-element_type=\"widget\" data-widget_type=\"button.default\">\n\t\t\t\t<div class=\"elementor-widget-container\">\n\t\t\t\t\t\t\t\t\t<div class=\"elementor-button-wrapper\">\n\t\t\t\t\t<a class=\"elementor-button elementor-button-link elementor-size-sm\" href=\"https:\/\/laurencegemin.com\/en\/formulaire-challenge\/\">\n\t\t\t\t\t\t<span class=\"elementor-button-content-wrapper\">\n\t\t\t\t\t\t<span class=\"elementor-button-icon\">\n\t\t\t\t<svg xmlns=\"http:\/\/www.w3.org\/2000\/svg\" viewbox=\"0 0 2048 2048\"><path d=\"M6.125 1088h1797.89l-402.976 403 89.994 90L2048 1024l-556.966-557-89.994 90 402.976 403H6.125v128z\"><\/path><\/svg>\t\t\t<\/span>\n\t\t\t\t\t\t\t\t\t<span class=\"elementor-button-text\">Book Now<\/span>\n\t\t\t\t\t<\/span>\n\t\t\t\t\t<\/a>\n\t\t\t\t<\/div>\n\t\t\t\t\t\t\t\t<\/div>\n\t\t\t\t<\/div>\n\t\t\t\t\t<\/div>\n\t\t<\/div>\n\t\t\t\t\t<\/div>\n\t\t<\/section>\n\t\t\t\t<\/div>","protected":false},"excerpt":{"rendered":"<p>Coaching Nos Challenges Des exp\u00e9riences transformatrices pour t\u2019aider \u00e0 te r\u00e9v\u00e9ler et \u00e0 t\u2019aimer pleinement. Je m&rsquo;aime et alors BY LAURENCE GEMIN \ud83d\udcc5 Date : \u00c0 partir du 1er octobre\u23f3 Dur\u00e9e : 21 jours intenses d\u2019introspection\ud83d\udcbb Format : En ligne\ud83d\udcb0 Tarif : 167\u20ac Un programme immersif sur 21 jours pour t\u2019accompagner pas \u00e0 pas vers [&hellip;]<\/p>","protected":false},"author":3,"featured_media":0,"parent":0,"menu_order":0,"comment_status":"closed","ping_status":"closed","template":"","meta":{"site-sidebar-layout":"no-sidebar","site-content-layout":"page-builder","ast-site-content-layout":"full-width-container","site-content-style":"default","site-sidebar-style":"default","ast-global-header-display":"","ast-banner-title-visibility":"","ast-main-header-display":"","ast-hfb-above-header-display":"","ast-hfb-below-header-display":"","ast-hfb-mobile-header-display":"","site-post-title":"disabled","ast-breadcrumbs-content":"","ast-featured-img":"disabled","footer-sml-layout":"","theme-transparent-header-meta":"","adv-header-id-meta":"","stick-header-meta":"","header-above-stick-meta":"","header-main-stick-meta":"","header-below-stick-meta":"","astra-migrate-meta-layouts":"set","ast-page-background-enabled":"default","ast-page-background-meta":{"desktop":{"background-color":"var(--ast-global-color-4)","background-image":"","background-repeat":"repeat","background-position":"center center","background-size":"auto","background-attachment":"scroll","background-type":"","background-media":"","overlay-type":"","overlay-color":"","overlay-opacity":"","overlay-gradient":""},"tablet":{"background-color":"","background-image":"","background-repeat":"repeat","background-position":"center center","background-size":"auto","background-attachment":"scroll","background-type":"","background-media":"","overlay-type":"","overlay-color":"","overlay-opacity":"","overlay-gradient":""},"mobile":{"background-color":"","background-image":"","background-repeat":"repeat","background-position":"center center","background-size":"auto","background-attachment":"scroll","background-type":"","background-media":"","overlay-type":"","overlay-color":"","overlay-opacity":"","overlay-gradient":""}},"ast-content-background-meta":{"desktop":{"background-color":"var(--ast-global-color-5)","background-image":"","background-repeat":"repeat","background-position":"center center","background-size":"auto","background-attachment":"scroll","background-type":"","background-media":"","overlay-type":"","overlay-color":"","overlay-opacity":"","overlay-gradient":""},"tablet":{"background-color":"var(--ast-global-color-5)","background-image":"","background-repeat":"repeat","background-position":"center center","background-size":"auto","background-attachment":"scroll","background-type":"","background-media":"","overlay-type":"","overlay-color":"","overlay-opacity":"","overlay-gradient":""},"mobile":{"background-color":"var(--ast-global-color-5)","background-image":"","background-repeat":"repeat","background-position":"center center","background-size":"auto","background-attachment":"scroll","background-type":"","background-media":"","overlay-type":"","overlay-color":"","overlay-opacity":"","overlay-gradient":""}},"footnotes":""},"class_list":["post-2432","page","type-page","status-publish","hentry"],"yoast_head":"<!-- This site is optimized with the Yoast SEO plugin v25.7 - https:\/\/yoast.com\/wordpress\/plugins\/seo\/ -->\n<title>Challenges - Laurence Gemin<\/title>\n<meta name=\"robots\" content=\"index, follow, max-snippet:-1, max-image-preview:large, max-video-preview:-1\" \/>\n<link rel=\"canonical\" href=\"https:\/\/laurencegemin.com\/en\/challenges\/\" \/>\n<meta property=\"og:locale\" content=\"en_US\" \/>\n<meta property=\"og:type\" content=\"article\" \/>\n<meta property=\"og:title\" content=\"Challenges - Laurence Gemin\" \/>\n<meta property=\"og:description\" content=\"Coaching Nos Challenges Des exp\u00e9riences transformatrices pour t\u2019aider \u00e0 te r\u00e9v\u00e9ler et \u00e0 t\u2019aimer pleinement. Je m&rsquo;aime et alors BY LAURENCE GEMIN \ud83d\udcc5 Date : \u00c0 partir du 1er octobre\u23f3 Dur\u00e9e : 21 jours intenses d\u2019introspection\ud83d\udcbb Format : En ligne\ud83d\udcb0 Tarif : 167\u20ac Un programme immersif sur 21 jours pour t\u2019accompagner pas \u00e0 pas vers [&hellip;]\" \/>\n<meta property=\"og:url\" content=\"https:\/\/laurencegemin.com\/en\/challenges\/\" \/>\n<meta property=\"og:site_name\" content=\"Laurence Gemin\" \/>\n<meta property=\"article:modified_time\" content=\"2025-09-17T20:35:44+00:00\" \/>\n<meta property=\"og:image\" content=\"https:\/\/laurencegemin.com\/wp-content\/uploads\/2025\/08\/WhatsApp-Image-2025-08-25-at-18.31.09_d29b379d.jpg\" \/>\n\t<meta property=\"og:image:width\" content=\"1200\" \/>\n\t<meta property=\"og:image:height\" content=\"1600\" \/>\n\t<meta property=\"og:image:type\" content=\"image\/jpeg\" \/>\n<meta name=\"twitter:card\" content=\"summary_large_image\" \/>\n<meta name=\"twitter:label1\" content=\"Est. reading time\" \/>\n\t<meta name=\"twitter:data1\" content=\"1 minute\" \/>\n<script type=\"application\/ld+json\" class=\"yoast-schema-graph\">{\"@context\":\"https:\/\/schema.org\",\"@graph\":[{\"@type\":\"WebPage\",\"@id\":\"https:\/\/laurencegemin.com\/challenges\/\",\"url\":\"https:\/\/laurencegemin.com\/challenges\/\",\"name\":\"Challenges - Laurence Gemin\",\"isPartOf\":{\"@id\":\"https:\/\/laurencegemin.com\/#website\"},\"primaryImageOfPage\":{\"@id\":\"https:\/\/laurencegemin.com\/challenges\/#primaryimage\"},\"image\":{\"@id\":\"https:\/\/laurencegemin.com\/challenges\/#primaryimage\"},\"thumbnailUrl\":\"https:\/\/laurencegemin.com\/wp-content\/uploads\/2025\/08\/WhatsApp-Image-2025-08-25-at-18.31.09_d29b379d-768x1024.jpg\",\"datePublished\":\"2025-08-25T21:43:21+00:00\",\"dateModified\":\"2025-09-17T20:35:44+00:00\",\"breadcrumb\":{\"@id\":\"https:\/\/laurencegemin.com\/challenges\/#breadcrumb\"},\"inLanguage\":\"en-US\",\"potentialAction\":[{\"@type\":\"ReadAction\",\"target\":[\"https:\/\/laurencegemin.com\/challenges\/\"]}]},{\"@type\":\"ImageObject\",\"inLanguage\":\"en-US\",\"@id\":\"https:\/\/laurencegemin.com\/challenges\/#primaryimage\",\"url\":\"https:\/\/laurencegemin.com\/wp-content\/uploads\/2025\/08\/WhatsApp-Image-2025-08-25-at-18.31.09_d29b379d-768x1024.jpg\",\"contentUrl\":\"https:\/\/laurencegemin.com\/wp-content\/uploads\/2025\/08\/WhatsApp-Image-2025-08-25-at-18.31.09_d29b379d-768x1024.jpg\"},{\"@type\":\"BreadcrumbList\",\"@id\":\"https:\/\/laurencegemin.com\/challenges\/#breadcrumb\",\"itemListElement\":[{\"@type\":\"ListItem\",\"position\":1,\"name\":\"Accueil\",\"item\":\"https:\/\/laurencegemin.com\/\"},{\"@type\":\"ListItem\",\"position\":2,\"name\":\"Challenges\"}]},{\"@type\":\"WebSite\",\"@id\":\"https:\/\/laurencegemin.com\/#website\",\"url\":\"https:\/\/laurencegemin.com\/\",\"name\":\"Laurence Gemin\",\"description\":\"Lotus Spa Template\",\"publisher\":{\"@id\":\"https:\/\/laurencegemin.com\/#organization\"},\"potentialAction\":[{\"@type\":\"SearchAction\",\"target\":{\"@type\":\"EntryPoint\",\"urlTemplate\":\"https:\/\/laurencegemin.com\/?s={search_term_string}\"},\"query-input\":{\"@type\":\"PropertyValueSpecification\",\"valueRequired\":true,\"valueName\":\"search_term_string\"}}],\"inLanguage\":\"en-US\"},{\"@type\":\"Organization\",\"@id\":\"https:\/\/laurencegemin.com\/#organization\",\"name\":\"Laurence Gemin\",\"url\":\"https:\/\/laurencegemin.com\/\",\"logo\":{\"@type\":\"ImageObject\",\"inLanguage\":\"en-US\",\"@id\":\"https:\/\/laurencegemin.com\/#\/schema\/logo\/image\/\",\"url\":\"https:\/\/laurencegemin.com\/wp-content\/uploads\/2024\/12\/cropped-cropped-original.png\",\"contentUrl\":\"https:\/\/laurencegemin.com\/wp-content\/uploads\/2024\/12\/cropped-cropped-original.png\",\"width\":512,\"height\":380,\"caption\":\"Laurence Gemin\"},\"image\":{\"@id\":\"https:\/\/laurencegemin.com\/#\/schema\/logo\/image\/\"}}]}<\/script>\n<!-- \/ Yoast SEO plugin. -->","yoast_head_json":{"title":"Challenges - Laurence Gemin","robots":{"index":"index","follow":"follow","max-snippet":"max-snippet:-1","max-image-preview":"max-image-preview:large","max-video-preview":"max-video-preview:-1"},"canonical":"https:\/\/laurencegemin.com\/en\/challenges\/","og_locale":"en_US","og_type":"article","og_title":"Challenges - Laurence Gemin","og_description":"Coaching Nos Challenges Des exp\u00e9riences transformatrices pour t\u2019aider \u00e0 te r\u00e9v\u00e9ler et \u00e0 t\u2019aimer pleinement. Je m&rsquo;aime et alors BY LAURENCE GEMIN \ud83d\udcc5 Date : \u00c0 partir du 1er octobre\u23f3 Dur\u00e9e : 21 jours intenses d\u2019introspection\ud83d\udcbb Format : En ligne\ud83d\udcb0 Tarif : 167\u20ac Un programme immersif sur 21 jours pour t\u2019accompagner pas \u00e0 pas vers [&hellip;]","og_url":"https:\/\/laurencegemin.com\/en\/challenges\/","og_site_name":"Laurence Gemin","article_modified_time":"2025-09-17T20:35:44+00:00","og_image":[{"width":1200,"height":1600,"url":"https:\/\/laurencegemin.com\/wp-content\/uploads\/2025\/08\/WhatsApp-Image-2025-08-25-at-18.31.09_d29b379d.jpg","type":"image\/jpeg"}],"twitter_card":"summary_large_image","twitter_misc":{"Est. reading time":"1 minute"},"schema":{"@context":"https:\/\/schema.org","@graph":[{"@type":"WebPage","@id":"https:\/\/laurencegemin.com\/challenges\/","url":"https:\/\/laurencegemin.com\/challenges\/","name":"Challenges - Laurence Gemin","isPartOf":{"@id":"https:\/\/laurencegemin.com\/#website"},"primaryImageOfPage":{"@id":"https:\/\/laurencegemin.com\/challenges\/#primaryimage"},"image":{"@id":"https:\/\/laurencegemin.com\/challenges\/#primaryimage"},"thumbnailUrl":"https:\/\/laurencegemin.com\/wp-content\/uploads\/2025\/08\/WhatsApp-Image-2025-08-25-at-18.31.09_d29b379d-768x1024.jpg","datePublished":"2025-08-25T21:43:21+00:00","dateModified":"2025-09-17T20:35:44+00:00","breadcrumb":{"@id":"https:\/\/laurencegemin.com\/challenges\/#breadcrumb"},"inLanguage":"en-US","potentialAction":[{"@type":"ReadAction","target":["https:\/\/laurencegemin.com\/challenges\/"]}]},{"@type":"ImageObject","inLanguage":"en-US","@id":"https:\/\/laurencegemin.com\/challenges\/#primaryimage","url":"https:\/\/laurencegemin.com\/wp-content\/uploads\/2025\/08\/WhatsApp-Image-2025-08-25-at-18.31.09_d29b379d-768x1024.jpg","contentUrl":"https:\/\/laurencegemin.com\/wp-content\/uploads\/2025\/08\/WhatsApp-Image-2025-08-25-at-18.31.09_d29b379d-768x1024.jpg"},{"@type":"BreadcrumbList","@id":"https:\/\/laurencegemin.com\/challenges\/#breadcrumb","itemListElement":[{"@type":"ListItem","position":1,"name":"Accueil","item":"https:\/\/laurencegemin.com\/"},{"@type":"ListItem","position":2,"name":"Challenges"}]},{"@type":"WebSite","@id":"https:\/\/laurencegemin.com\/#website","url":"https:\/\/laurencegemin.com\/","name":"Laurence Gemin","description":"Lotus Spa Template","publisher":{"@id":"https:\/\/laurencegemin.com\/#organization"},"potentialAction":[{"@type":"SearchAction","target":{"@type":"EntryPoint","urlTemplate":"https:\/\/laurencegemin.com\/?s={search_term_string}"},"query-input":{"@type":"PropertyValueSpecification","valueRequired":true,"valueName":"search_term_string"}}],"inLanguage":"en-US"},{"@type":"Organization","@id":"https:\/\/laurencegemin.com\/#organization","name":"Laurence Gemin","url":"https:\/\/laurencegemin.com\/","logo":{"@type":"ImageObject","inLanguage":"en-US","@id":"https:\/\/laurencegemin.com\/#\/schema\/logo\/image\/","url":"https:\/\/laurencegemin.com\/wp-content\/uploads\/2024\/12\/cropped-cropped-original.png","contentUrl":"https:\/\/laurencegemin.com\/wp-content\/uploads\/2024\/12\/cropped-cropped-original.png","width":512,"height":380,"caption":"Laurence Gemin"},"image":{"@id":"https:\/\/laurencegemin.com\/#\/schema\/logo\/image\/"}}]}},"_links":{"self":[{"href":"https:\/\/laurencegemin.com\/en\/wp-json\/wp\/v2\/pages\/2432","targetHints":{"allow":["GET"]}}],"collection":[{"href":"https:\/\/laurencegemin.com\/en\/wp-json\/wp\/v2\/pages"}],"about":[{"href":"https:\/\/laurencegemin.com\/en\/wp-json\/wp\/v2\/types\/page"}],"author":[{"embeddable":true,"href":"https:\/\/laurencegemin.com\/en\/wp-json\/wp\/v2\/users\/3"}],"replies":[{"embeddable":true,"href":"https:\/\/laurencegemin.com\/en\/wp-json\/wp\/v2\/comments?post=2432"}],"version-history":[{"count":17,"href":"https:\/\/laurencegemin.com\/en\/wp-json\/wp\/v2\/pages\/2432\/revisions"}],"predecessor-version":[{"id":2472,"href":"https:\/\/laurencegemin.com\/en\/wp-json\/wp\/v2\/pages\/2432\/revisions\/2472"}],"wp:attachment":[{"href":"https:\/\/laurencegemin.com\/en\/wp-json\/wp\/v2\/media?parent=2432"}],"curies":[{"name":"wp","href":"https:\/\/api.w.org\/{rel}","templated":true}]}}