{"id":239,"date":"2021-08-25T02:16:38","date_gmt":"2021-08-25T02:16:38","guid":{"rendered":"https:\/\/laurencegemin.com\/?page_id=239"},"modified":"2025-02-20T19:02:03","modified_gmt":"2025-02-20T23:02:03","slug":"a-propos","status":"publish","type":"page","link":"https:\/\/laurencegemin.com\/en\/a-propos\/","title":{"rendered":"About"},"content":{"rendered":"<div data-elementor-type=\"wp-page\" data-elementor-id=\"239\" class=\"elementor elementor-239\" data-elementor-post-type=\"page\">\n\t\t\t\t<div class=\"elementor-element elementor-element-8fd5308 e-flex e-con-boxed e-con e-parent\" data-id=\"8fd5308\" data-element_type=\"container\" data-settings=\"{&quot;background_background&quot;:&quot;classic&quot;}\">\n\t\t\t\t\t<div class=\"e-con-inner\">\n\t\t<div class=\"elementor-element elementor-element-17ced38 e-con-full e-flex e-con e-child\" data-id=\"17ced38\" data-element_type=\"container\">\n\t\t\t\t<div class=\"elementor-element elementor-element-e89582e elementor-widget elementor-widget-heading\" data-id=\"e89582e\" data-element_type=\"widget\" data-widget_type=\"heading.default\">\n\t\t\t\t<div class=\"elementor-widget-container\">\n\t\t\t\t\t<h6 class=\"elementor-heading-title elementor-size-default\">Learn More<\/h6>\t\t\t\t<\/div>\n\t\t\t\t<\/div>\n\t\t\t\t<div class=\"elementor-element elementor-element-2b7c4ba elementor-widget elementor-widget-heading\" data-id=\"2b7c4ba\" data-element_type=\"widget\" data-widget_type=\"heading.default\">\n\t\t\t\t<div class=\"elementor-widget-container\">\n\t\t\t\t\t<h1 class=\"elementor-heading-title elementor-size-default\">About me<\/h1>\t\t\t\t<\/div>\n\t\t\t\t<\/div>\n\t\t\t\t<\/div>\n\t\t\t\t\t<\/div>\n\t\t\t\t<\/div>\n\t\t<div class=\"elementor-element elementor-element-4ef81b0 e-flex e-con-boxed e-con e-parent\" data-id=\"4ef81b0\" data-element_type=\"container\" data-settings=\"{&quot;background_background&quot;:&quot;classic&quot;}\">\n\t\t\t\t\t<div class=\"e-con-inner\">\n\t\t<div class=\"elementor-element elementor-element-124305e e-con-full e-flex elementor-invisible e-con e-child\" data-id=\"124305e\" data-element_type=\"container\" data-settings=\"{&quot;animation&quot;:&quot;fadeInLeft&quot;,&quot;animation_mobile&quot;:&quot;fadeIn&quot;}\">\n\t\t\t\t<div class=\"elementor-element elementor-element-17f8da9 elementor-widget elementor-widget-heading\" data-id=\"17f8da9\" data-element_type=\"widget\" data-widget_type=\"heading.default\">\n\t\t\t\t<div class=\"elementor-widget-container\">\n\t\t\t\t\t<h2 class=\"elementor-heading-title elementor-size-default\">Who am I ?<\/h2>\t\t\t\t<\/div>\n\t\t\t\t<\/div>\n\t\t\t\t<div class=\"elementor-element elementor-element-ce73219 elementor-widget elementor-widget-heading\" data-id=\"ce73219\" data-element_type=\"widget\" data-widget_type=\"heading.default\">\n\t\t\t\t<div class=\"elementor-widget-container\">\n\t\t\t\t\t<h4 class=\"elementor-heading-title elementor-size-default\">Meet Laurence Gemin<\/h4>\t\t\t\t<\/div>\n\t\t\t\t<\/div>\n\t\t\t\t<div class=\"elementor-element elementor-element-dc61180 elementor-widget elementor-widget-text-editor\" data-id=\"dc61180\" data-element_type=\"widget\" data-widget_type=\"text-editor.default\">\n\t\t\t\t<div class=\"elementor-widget-container\">\n\t\t\t\t\t\t\t\t\t<p>founder of #JeMaimeEtAlors.<br \/>Certified personal development coach, Laurence is passionate about supporting others and well-being, combining coaching and relaxing massages for a unique and personalized experience.<\/p>\t\t\t\t\t\t\t\t<\/div>\n\t\t\t\t<\/div>\n\t\t\t\t<\/div>\n\t\t<div class=\"elementor-element elementor-element-68ccc8f e-con-full e-flex elementor-invisible e-con e-child\" data-id=\"68ccc8f\" data-element_type=\"container\" data-settings=\"{&quot;animation&quot;:&quot;fadeIn&quot;,&quot;animation_mobile&quot;:&quot;fadeIn&quot;}\">\n\t\t\t\t<div class=\"elementor-element elementor-element-e4df08a elementor-widget elementor-widget-image\" data-id=\"e4df08a\" data-element_type=\"widget\" data-widget_type=\"image.default\">\n\t\t\t\t<div class=\"elementor-widget-container\">\n\t\t\t\t\t\t\t\t\t\t\t\t\t\t\t<img fetchpriority=\"high\" decoding=\"async\" width=\"824\" height=\"1024\" src=\"https:\/\/laurencegemin.com\/wp-content\/uploads\/2025\/02\/Qui-suis-je-Gemin-824x1024.png\" class=\"attachment-large size-large wp-image-2282\" alt=\"\" srcset=\"https:\/\/laurencegemin.com\/wp-content\/uploads\/2025\/02\/Qui-suis-je-Gemin-824x1024.png 824w, https:\/\/laurencegemin.com\/wp-content\/uploads\/2025\/02\/Qui-suis-je-Gemin-241x300.png 241w, https:\/\/laurencegemin.com\/wp-content\/uploads\/2025\/02\/Qui-suis-je-Gemin-768x955.png 768w, https:\/\/laurencegemin.com\/wp-content\/uploads\/2025\/02\/Qui-suis-je-Gemin-10x12.png 10w, https:\/\/laurencegemin.com\/wp-content\/uploads\/2025\/02\/Qui-suis-je-Gemin.png 1000w\" sizes=\"(max-width: 824px) 100vw, 824px\" \/>\t\t\t\t\t\t\t\t\t\t\t\t\t\t\t<\/div>\n\t\t\t\t<\/div>\n\t\t\t\t<\/div>\n\t\t<div class=\"elementor-element elementor-element-a38a045 e-con-full e-flex e-con e-child\" data-id=\"a38a045\" data-element_type=\"container\" data-settings=\"{&quot;animation&quot;:&quot;none&quot;,&quot;animation_mobile&quot;:&quot;fadeIn&quot;}\">\n\t\t\t\t<div class=\"elementor-element elementor-element-1c6230b elementor-widget elementor-widget-text-editor\" data-id=\"1c6230b\" data-element_type=\"widget\" data-widget_type=\"text-editor.default\">\n\t\t\t\t<div class=\"elementor-widget-container\">\n\t\t\t\t\t\t\t\t\t<p>\"My mission is to help everyone reconnect with themselves through intense coaching sessions and relaxing massages, inspired by various techniques and the benefits of energy care. Rien que pour Moi was born out of my desire to combine relaxation and self-love. My goal is to offer you precious moments where you can recharge, whether it's with a Californian massage, a targeted treatment, or a brunch formula to enhance your well-being experience.\"<\/p>\t\t\t\t\t\t\t\t<\/div>\n\t\t\t\t<\/div>\n\t\t\t\t<\/div>\n\t\t\t\t\t<\/div>\n\t\t\t\t<\/div>\n\t\t<div class=\"elementor-element elementor-element-c7c1519 e-flex e-con-boxed e-con e-parent\" data-id=\"c7c1519\" data-element_type=\"container\">\n\t\t\t\t\t<div class=\"e-con-inner\">\n\t\t\t\t\t<\/div>\n\t\t\t\t<\/div>\n\t\t\t\t<\/div>","protected":false},"excerpt":{"rendered":"<p>En savoir plus \u00c0 propos de moi Qui suis-je ? Rencontrez Laurence Gemin fondatrice de #JeMaimeEtAlors.Coach en d\u00e9veloppement personnel certifi\u00e9e, Laurence est passionn\u00e9e par l\u2019accompagnement et le bien-\u00eatre, m\u00ealant coaching et massages relaxants pour une exp\u00e9rience unique et personnalis\u00e9e. \u00ab\u00a0Ma mission est d\u2019aider chacun \u00e0 se reconnecter avec soi-m\u00eame, \u00e0 travers des s\u00e9ances de coaching [&hellip;]<\/p>","protected":false},"author":1,"featured_media":0,"parent":0,"menu_order":0,"comment_status":"closed","ping_status":"closed","template":"","meta":{"site-sidebar-layout":"no-sidebar","site-content-layout":"page-builder","ast-site-content-layout":"full-width-container","site-content-style":"unboxed","site-sidebar-style":"unboxed","ast-global-header-display":"","ast-banner-title-visibility":"","ast-main-header-display":"","ast-hfb-above-header-display":"","ast-hfb-below-header-display":"","ast-hfb-mobile-header-display":"","site-post-title":"disabled","ast-breadcrumbs-content":"disabled","ast-featured-img":"disabled","footer-sml-layout":"","theme-transparent-header-meta":"disabled","adv-header-id-meta":"","stick-header-meta":"","header-above-stick-meta":"","header-main-stick-meta":"","header-below-stick-meta":"","astra-migrate-meta-layouts":"set","ast-page-background-enabled":"default","ast-page-background-meta":{"desktop":{"background-color":"var(--ast-global-color-4)","background-image":"","background-repeat":"repeat","background-position":"center center","background-size":"auto","background-attachment":"scroll","background-type":"","background-media":"","overlay-type":"","overlay-color":"","overlay-opacity":"","overlay-gradient":""},"tablet":{"background-color":"","background-image":"","background-repeat":"repeat","background-position":"center center","background-size":"auto","background-attachment":"scroll","background-type":"","background-media":"","overlay-type":"","overlay-color":"","overlay-opacity":"","overlay-gradient":""},"mobile":{"background-color":"","background-image":"","background-repeat":"repeat","background-position":"center center","background-size":"auto","background-attachment":"scroll","background-type":"","background-media":"","overlay-type":"","overlay-color":"","overlay-opacity":"","overlay-gradient":""}},"ast-content-background-meta":{"desktop":{"background-color":"var(--ast-global-color-5)","background-image":"","background-repeat":"repeat","background-position":"center center","background-size":"auto","background-attachment":"scroll","background-type":"","background-media":"","overlay-type":"","overlay-color":"","overlay-opacity":"","overlay-gradient":""},"tablet":{"background-color":"var(--ast-global-color-5)","background-image":"","background-repeat":"repeat","background-position":"center center","background-size":"auto","background-attachment":"scroll","background-type":"","background-media":"","overlay-type":"","overlay-color":"","overlay-opacity":"","overlay-gradient":""},"mobile":{"background-color":"var(--ast-global-color-5)","background-image":"","background-repeat":"repeat","background-position":"center center","background-size":"auto","background-attachment":"scroll","background-type":"","background-media":"","overlay-type":"","overlay-color":"","overlay-opacity":"","overlay-gradient":""}},"footnotes":""},"class_list":["post-239","page","type-page","status-publish","hentry"],"yoast_head":"<!-- This site is optimized with the Yoast SEO plugin v25.7 - https:\/\/yoast.com\/wordpress\/plugins\/seo\/ -->\n<title>\u00c0 propos - Laurence Gemin<\/title>\n<meta name=\"robots\" content=\"index, follow, max-snippet:-1, max-image-preview:large, max-video-preview:-1\" \/>\n<link rel=\"canonical\" href=\"https:\/\/laurencegemin.com\/en\/a-propos\/\" \/>\n<meta property=\"og:locale\" content=\"en_US\" \/>\n<meta property=\"og:type\" content=\"article\" \/>\n<meta property=\"og:title\" content=\"\u00c0 propos - Laurence Gemin\" \/>\n<meta property=\"og:description\" content=\"En savoir plus \u00c0 propos de moi Qui suis-je ? Rencontrez Laurence Gemin fondatrice de #JeMaimeEtAlors.Coach en d\u00e9veloppement personnel certifi\u00e9e, Laurence est passionn\u00e9e par l\u2019accompagnement et le bien-\u00eatre, m\u00ealant coaching et massages relaxants pour une exp\u00e9rience unique et personnalis\u00e9e. \u00ab\u00a0Ma mission est d\u2019aider chacun \u00e0 se reconnecter avec soi-m\u00eame, \u00e0 travers des s\u00e9ances de coaching [&hellip;]\" \/>\n<meta property=\"og:url\" content=\"https:\/\/laurencegemin.com\/en\/a-propos\/\" \/>\n<meta property=\"og:site_name\" content=\"Laurence Gemin\" \/>\n<meta property=\"article:modified_time\" content=\"2025-02-20T23:02:03+00:00\" \/>\n<meta property=\"og:image\" content=\"https:\/\/laurencegemin.com\/wp-content\/uploads\/2025\/02\/Qui-suis-je-Gemin.png\" \/>\n\t<meta property=\"og:image:width\" content=\"1000\" \/>\n\t<meta property=\"og:image:height\" content=\"1243\" \/>\n\t<meta property=\"og:image:type\" content=\"image\/png\" \/>\n<meta name=\"twitter:card\" content=\"summary_large_image\" \/>\n<meta name=\"twitter:label1\" content=\"Est. reading time\" \/>\n\t<meta name=\"twitter:data1\" content=\"1 minute\" \/>\n<script type=\"application\/ld+json\" class=\"yoast-schema-graph\">{\"@context\":\"https:\/\/schema.org\",\"@graph\":[{\"@type\":\"WebPage\",\"@id\":\"https:\/\/laurencegemin.com\/a-propos\/\",\"url\":\"https:\/\/laurencegemin.com\/a-propos\/\",\"name\":\"\u00c0 propos - Laurence Gemin\",\"isPartOf\":{\"@id\":\"https:\/\/laurencegemin.com\/#website\"},\"primaryImageOfPage\":{\"@id\":\"https:\/\/laurencegemin.com\/a-propos\/#primaryimage\"},\"image\":{\"@id\":\"https:\/\/laurencegemin.com\/a-propos\/#primaryimage\"},\"thumbnailUrl\":\"https:\/\/laurencegemin.com\/wp-content\/uploads\/2025\/02\/Qui-suis-je-Gemin-824x1024.png\",\"datePublished\":\"2021-08-25T02:16:38+00:00\",\"dateModified\":\"2025-02-20T23:02:03+00:00\",\"breadcrumb\":{\"@id\":\"https:\/\/laurencegemin.com\/a-propos\/#breadcrumb\"},\"inLanguage\":\"en-US\",\"potentialAction\":[{\"@type\":\"ReadAction\",\"target\":[\"https:\/\/laurencegemin.com\/a-propos\/\"]}]},{\"@type\":\"ImageObject\",\"inLanguage\":\"en-US\",\"@id\":\"https:\/\/laurencegemin.com\/a-propos\/#primaryimage\",\"url\":\"https:\/\/laurencegemin.com\/wp-content\/uploads\/2025\/02\/Qui-suis-je-Gemin-824x1024.png\",\"contentUrl\":\"https:\/\/laurencegemin.com\/wp-content\/uploads\/2025\/02\/Qui-suis-je-Gemin-824x1024.png\"},{\"@type\":\"BreadcrumbList\",\"@id\":\"https:\/\/laurencegemin.com\/a-propos\/#breadcrumb\",\"itemListElement\":[{\"@type\":\"ListItem\",\"position\":1,\"name\":\"Accueil\",\"item\":\"https:\/\/laurencegemin.com\/\"},{\"@type\":\"ListItem\",\"position\":2,\"name\":\"\u00c0 propos\"}]},{\"@type\":\"WebSite\",\"@id\":\"https:\/\/laurencegemin.com\/#website\",\"url\":\"https:\/\/laurencegemin.com\/\",\"name\":\"Laurence Gemin\",\"description\":\"Lotus Spa Template\",\"publisher\":{\"@id\":\"https:\/\/laurencegemin.com\/#organization\"},\"potentialAction\":[{\"@type\":\"SearchAction\",\"target\":{\"@type\":\"EntryPoint\",\"urlTemplate\":\"https:\/\/laurencegemin.com\/?s={search_term_string}\"},\"query-input\":{\"@type\":\"PropertyValueSpecification\",\"valueRequired\":true,\"valueName\":\"search_term_string\"}}],\"inLanguage\":\"en-US\"},{\"@type\":\"Organization\",\"@id\":\"https:\/\/laurencegemin.com\/#organization\",\"name\":\"Laurence Gemin\",\"url\":\"https:\/\/laurencegemin.com\/\",\"logo\":{\"@type\":\"ImageObject\",\"inLanguage\":\"en-US\",\"@id\":\"https:\/\/laurencegemin.com\/#\/schema\/logo\/image\/\",\"url\":\"https:\/\/laurencegemin.com\/wp-content\/uploads\/2024\/12\/cropped-cropped-original.png\",\"contentUrl\":\"https:\/\/laurencegemin.com\/wp-content\/uploads\/2024\/12\/cropped-cropped-original.png\",\"width\":512,\"height\":380,\"caption\":\"Laurence Gemin\"},\"image\":{\"@id\":\"https:\/\/laurencegemin.com\/#\/schema\/logo\/image\/\"}}]}<\/script>\n<!-- \/ Yoast SEO plugin. -->","yoast_head_json":{"title":"\u00c0 propos - Laurence Gemin","robots":{"index":"index","follow":"follow","max-snippet":"max-snippet:-1","max-image-preview":"max-image-preview:large","max-video-preview":"max-video-preview:-1"},"canonical":"https:\/\/laurencegemin.com\/en\/a-propos\/","og_locale":"en_US","og_type":"article","og_title":"\u00c0 propos - Laurence Gemin","og_description":"En savoir plus \u00c0 propos de moi Qui suis-je ? Rencontrez Laurence Gemin fondatrice de #JeMaimeEtAlors.Coach en d\u00e9veloppement personnel certifi\u00e9e, Laurence est passionn\u00e9e par l\u2019accompagnement et le bien-\u00eatre, m\u00ealant coaching et massages relaxants pour une exp\u00e9rience unique et personnalis\u00e9e. \u00ab\u00a0Ma mission est d\u2019aider chacun \u00e0 se reconnecter avec soi-m\u00eame, \u00e0 travers des s\u00e9ances de coaching [&hellip;]","og_url":"https:\/\/laurencegemin.com\/en\/a-propos\/","og_site_name":"Laurence Gemin","article_modified_time":"2025-02-20T23:02:03+00:00","og_image":[{"width":1000,"height":1243,"url":"https:\/\/laurencegemin.com\/wp-content\/uploads\/2025\/02\/Qui-suis-je-Gemin.png","type":"image\/png"}],"twitter_card":"summary_large_image","twitter_misc":{"Est. reading time":"1 minute"},"schema":{"@context":"https:\/\/schema.org","@graph":[{"@type":"WebPage","@id":"https:\/\/laurencegemin.com\/a-propos\/","url":"https:\/\/laurencegemin.com\/a-propos\/","name":"\u00c0 propos - Laurence Gemin","isPartOf":{"@id":"https:\/\/laurencegemin.com\/#website"},"primaryImageOfPage":{"@id":"https:\/\/laurencegemin.com\/a-propos\/#primaryimage"},"image":{"@id":"https:\/\/laurencegemin.com\/a-propos\/#primaryimage"},"thumbnailUrl":"https:\/\/laurencegemin.com\/wp-content\/uploads\/2025\/02\/Qui-suis-je-Gemin-824x1024.png","datePublished":"2021-08-25T02:16:38+00:00","dateModified":"2025-02-20T23:02:03+00:00","breadcrumb":{"@id":"https:\/\/laurencegemin.com\/a-propos\/#breadcrumb"},"inLanguage":"en-US","potentialAction":[{"@type":"ReadAction","target":["https:\/\/laurencegemin.com\/a-propos\/"]}]},{"@type":"ImageObject","inLanguage":"en-US","@id":"https:\/\/laurencegemin.com\/a-propos\/#primaryimage","url":"https:\/\/laurencegemin.com\/wp-content\/uploads\/2025\/02\/Qui-suis-je-Gemin-824x1024.png","contentUrl":"https:\/\/laurencegemin.com\/wp-content\/uploads\/2025\/02\/Qui-suis-je-Gemin-824x1024.png"},{"@type":"BreadcrumbList","@id":"https:\/\/laurencegemin.com\/a-propos\/#breadcrumb","itemListElement":[{"@type":"ListItem","position":1,"name":"Accueil","item":"https:\/\/laurencegemin.com\/"},{"@type":"ListItem","position":2,"name":"\u00c0 propos"}]},{"@type":"WebSite","@id":"https:\/\/laurencegemin.com\/#website","url":"https:\/\/laurencegemin.com\/","name":"Laurence Gemin","description":"Lotus Spa Template","publisher":{"@id":"https:\/\/laurencegemin.com\/#organization"},"potentialAction":[{"@type":"SearchAction","target":{"@type":"EntryPoint","urlTemplate":"https:\/\/laurencegemin.com\/?s={search_term_string}"},"query-input":{"@type":"PropertyValueSpecification","valueRequired":true,"valueName":"search_term_string"}}],"inLanguage":"en-US"},{"@type":"Organization","@id":"https:\/\/laurencegemin.com\/#organization","name":"Laurence Gemin","url":"https:\/\/laurencegemin.com\/","logo":{"@type":"ImageObject","inLanguage":"en-US","@id":"https:\/\/laurencegemin.com\/#\/schema\/logo\/image\/","url":"https:\/\/laurencegemin.com\/wp-content\/uploads\/2024\/12\/cropped-cropped-original.png","contentUrl":"https:\/\/laurencegemin.com\/wp-content\/uploads\/2024\/12\/cropped-cropped-original.png","width":512,"height":380,"caption":"Laurence Gemin"},"image":{"@id":"https:\/\/laurencegemin.com\/#\/schema\/logo\/image\/"}}]}},"_links":{"self":[{"href":"https:\/\/laurencegemin.com\/en\/wp-json\/wp\/v2\/pages\/239","targetHints":{"allow":["GET"]}}],"collection":[{"href":"https:\/\/laurencegemin.com\/en\/wp-json\/wp\/v2\/pages"}],"about":[{"href":"https:\/\/laurencegemin.com\/en\/wp-json\/wp\/v2\/types\/page"}],"author":[{"embeddable":true,"href":"https:\/\/laurencegemin.com\/en\/wp-json\/wp\/v2\/users\/1"}],"replies":[{"embeddable":true,"href":"https:\/\/laurencegemin.com\/en\/wp-json\/wp\/v2\/comments?post=239"}],"version-history":[{"count":108,"href":"https:\/\/laurencegemin.com\/en\/wp-json\/wp\/v2\/pages\/239\/revisions"}],"predecessor-version":[{"id":2290,"href":"https:\/\/laurencegemin.com\/en\/wp-json\/wp\/v2\/pages\/239\/revisions\/2290"}],"wp:attachment":[{"href":"https:\/\/laurencegemin.com\/en\/wp-json\/wp\/v2\/media?parent=239"}],"curies":[{"name":"wp","href":"https:\/\/api.w.org\/{rel}","templated":true}]}}