{"id":2109,"date":"2024-12-29T16:59:27","date_gmt":"2024-12-29T20:59:27","guid":{"rendered":"https:\/\/laurencegemin.com\/?page_id=2109"},"modified":"2025-02-20T15:17:49","modified_gmt":"2025-02-20T19:17:49","slug":"temoignages","status":"publish","type":"page","link":"https:\/\/laurencegemin.com\/en\/temoignages\/","title":{"rendered":"Testimonials"},"content":{"rendered":"<div data-elementor-type=\"wp-page\" data-elementor-id=\"2109\" class=\"elementor elementor-2109\" data-elementor-post-type=\"page\">\n\t\t\t\t<div class=\"elementor-element elementor-element-414bc94 e-flex e-con-boxed e-con e-parent\" data-id=\"414bc94\" data-element_type=\"container\" data-settings=\"{&quot;background_background&quot;:&quot;classic&quot;}\">\n\t\t\t\t\t<div class=\"e-con-inner\">\n\t\t<div class=\"elementor-element elementor-element-73c3f18 e-con-full e-flex e-con e-child\" data-id=\"73c3f18\" data-element_type=\"container\">\n\t\t\t\t<div class=\"elementor-element elementor-element-5ef42b1 elementor-widget elementor-widget-heading\" data-id=\"5ef42b1\" data-element_type=\"widget\" data-widget_type=\"heading.default\">\n\t\t\t\t<div class=\"elementor-widget-container\">\n\t\t\t\t\t<h1 class=\"elementor-heading-title elementor-size-default\">Customer Reviews<\/h1>\t\t\t\t<\/div>\n\t\t\t\t<\/div>\n\t\t\t\t<\/div>\n\t\t\t\t\t<\/div>\n\t\t\t\t<\/div>\n\t\t<div class=\"elementor-element elementor-element-f32e731 e-flex e-con-boxed elementor-invisible e-con e-parent\" data-id=\"f32e731\" data-element_type=\"container\" data-settings=\"{&quot;animation&quot;:&quot;fadeIn&quot;}\">\n\t\t\t\t\t<div class=\"e-con-inner\">\n\t\t\t\t<div class=\"elementor-element elementor-element-2bc1f2a elementor--star-style-star_unicode elementor-arrows-yes elementor-pagination-type-bullets elementor-review--has-separator elementor-widget elementor-widget-reviews\" data-id=\"2bc1f2a\" data-element_type=\"widget\" data-settings=\"{&quot;slides_per_view&quot;:&quot;3&quot;,&quot;space_between&quot;:{&quot;unit&quot;:&quot;px&quot;,&quot;size&quot;:12,&quot;sizes&quot;:[]},&quot;show_arrows&quot;:&quot;yes&quot;,&quot;pagination&quot;:&quot;bullets&quot;,&quot;speed&quot;:500,&quot;autoplay&quot;:&quot;yes&quot;,&quot;autoplay_speed&quot;:5000,&quot;loop&quot;:&quot;yes&quot;,&quot;pause_on_hover&quot;:&quot;yes&quot;,&quot;pause_on_interaction&quot;:&quot;yes&quot;,&quot;space_between_tablet&quot;:{&quot;unit&quot;:&quot;px&quot;,&quot;size&quot;:10,&quot;sizes&quot;:[]},&quot;space_between_mobile&quot;:{&quot;unit&quot;:&quot;px&quot;,&quot;size&quot;:10,&quot;sizes&quot;:[]}}\" data-widget_type=\"reviews.default\">\n\t\t\t\t<div class=\"elementor-widget-container\">\n\t\t\t\t\t\t\t\t\t<div class=\"elementor-swiper\">\n\t\t\t\t\t<div class=\"elementor-main-swiper swiper\" role=\"region\" aria-roledescription=\"carousel\" aria-label=\"Slides\">\n\t\t\t\t<div class=\"swiper-wrapper\">\n\t\t\t\t\t\t\t\t\t\t\t<div class=\"swiper-slide\" role=\"group\" aria-roledescription=\"slide\">\n\t\t\t\t\t\t\t\t\t<div class=\"elementor-testimonial elementor-repeater-item-8fef182\">\n\t\t\t\t\t\t\t<div class=\"elementor-testimonial__header\">\n\t\t\t\t\t\t\t\t\t\t\t<div class=\"elementor-testimonial__image\">\n\t\t\t\t\t\t\t<img decoding=\"async\" src=\"https:\/\/laurencegemin.com\/wp-content\/uploads\/2024\/12\/WhatsApp-Image-2024-12-28-at-06.52.04_30198093.jpg\" alt=\"Cindy\">\n\t\t\t\t\t\t\t\t\t\t\t\t\t<\/div>\n\t\t\t\t\t\t\t\t\t\t<cite class=\"elementor-testimonial__cite\"><span class=\"elementor-testimonial__name\">Cindy<\/span><div class=\"elementor-star-rating\"><i class=\"elementor-star-full\">&#9733;<\/i><i class=\"elementor-star-full\">&#9733;<\/i><i class=\"elementor-star-full\">&#9733;<\/i><i class=\"elementor-star-full\">&#9733;<\/i><i class=\"elementor-star-full\">&#9733;<\/i><\/div><\/cite>\t\t\t\t\t<div class=\"elementor-testimonial__icon elementor-icon elementor-icon-quote-right\" aria-label=\"Read More\"><svg aria-hidden=\"true\" class=\"e-font-icon-svg e-fas-quote-right\" viewbox=\"0 0 512 512\" xmlns=\"http:\/\/www.w3.org\/2000\/svg\"><path d=\"M464 32H336c-26.5 0-48 21.5-48 48v128c0 26.5 21.5 48 48 48h80v64c0 35.3-28.7 64-64 64h-8c-13.3 0-24 10.7-24 24v48c0 13.3 10.7 24 24 24h8c88.4 0 160-71.6 160-160V80c0-26.5-21.5-48-48-48zm-288 0H48C21.5 32 0 53.5 0 80v128c0 26.5 21.5 48 48 48h80v64c0 35.3-28.7 64-64 64h-8c-13.3 0-24 10.7-24 24v48c0 13.3 10.7 24 24 24h8c88.4 0 160-71.6 160-160V80c0-26.5-21.5-48-48-48z\"><\/path><\/svg><\/div>\t\t\t\t<\/div>\n\t\t\t\t\t\t\t\t\t\t<div class=\"elementor-testimonial__content\">\n\t\t\t\t\t<div class=\"elementor-testimonial__text\">\n\t\t\t\t\t\tJ'ai commenc\u00e9 ce programme avec l'espoir de trouver des cl\u00e9s pour avancer, et il a d\u00e9pass\u00e9 toutes mes attentes. J'ai appris \u00e0 me lib\u00e9rer des poids du pass\u00e9, \u00e0 comprendre que je ne suis pas responsable des erreurs des autres, et surtout \u00e0 m\u2019accepter pleinement en tant qu\u2019individu unique et pr\u00e9cieux.  \nCe cheminement m\u2019a permis de voir ma vie sous un nouveau jour, de reconna\u00eetre ma valeur et d\u2019embrasser ma propre route avec confiance. Ce programme a \u00e9t\u00e9 un v\u00e9ritable tournant, et je suis profond\u00e9ment reconnaissante pour cette transformation.  \n<br>#Jemaimeetalorseuh...\t\t\t\t\t<\/div>\n\t\t\t\t<\/div>\n\t\t\t\t\t<\/div>\n\t\t\t\t\t\t\t\t<\/div>\n\t\t\t\t\t\t\t\t\t\t\t<div class=\"swiper-slide\" role=\"group\" aria-roledescription=\"slide\">\n\t\t\t\t\t\t\t\t\t<div class=\"elementor-testimonial elementor-repeater-item-3800c0b\">\n\t\t\t\t\t\t\t<div class=\"elementor-testimonial__header\">\n\t\t\t\t\t\t\t\t\t\t\t<div class=\"elementor-testimonial__image\">\n\t\t\t\t\t\t\t<img decoding=\"async\" src=\"https:\/\/laurencegemin.com\/wp-content\/uploads\/2024\/12\/2.jpg\" alt=\"Laurent\">\n\t\t\t\t\t\t\t\t\t\t\t\t\t<\/div>\n\t\t\t\t\t\t\t\t\t\t<cite class=\"elementor-testimonial__cite\"><span class=\"elementor-testimonial__name\">Laurent<\/span><div class=\"elementor-star-rating\"><i class=\"elementor-star-full\">&#9733;<\/i><i class=\"elementor-star-full\">&#9733;<\/i><i class=\"elementor-star-full\">&#9733;<\/i><i class=\"elementor-star-full\">&#9733;<\/i><i class=\"elementor-star-full\">&#9733;<\/i><\/div><\/cite>\t\t\t\t\t<div class=\"elementor-testimonial__icon elementor-icon elementor-icon-quote-right\" aria-label=\"Read More\"><svg aria-hidden=\"true\" class=\"e-font-icon-svg e-fas-quote-right\" viewbox=\"0 0 512 512\" xmlns=\"http:\/\/www.w3.org\/2000\/svg\"><path d=\"M464 32H336c-26.5 0-48 21.5-48 48v128c0 26.5 21.5 48 48 48h80v64c0 35.3-28.7 64-64 64h-8c-13.3 0-24 10.7-24 24v48c0 13.3 10.7 24 24 24h8c88.4 0 160-71.6 160-160V80c0-26.5-21.5-48-48-48zm-288 0H48C21.5 32 0 53.5 0 80v128c0 26.5 21.5 48 48 48h80v64c0 35.3-28.7 64-64 64h-8c-13.3 0-24 10.7-24 24v48c0 13.3 10.7 24 24 24h8c88.4 0 160-71.6 160-160V80c0-26.5-21.5-48-48-48z\"><\/path><\/svg><\/div>\t\t\t\t<\/div>\n\t\t\t\t\t\t\t\t\t\t<div class=\"elementor-testimonial__content\">\n\t\t\t\t\t<div class=\"elementor-testimonial__text\">\n\t\t\t\t\t\tJe commence par te dire merci, merci pour ton engagement et ta disponibilit\u00e9.  \nCe que je retiens de mon coaching :  \n<br>- La simplicit\u00e9 des \u00e9changes, qui m\u2019ont permis de me lib\u00e9rer.  \n<br>- La rencontre avec mon enfant int\u00e9rieur, avec qui j\u2019ai pu \u00e9changer et me rendre compte de qui je suis r\u00e9ellement.  \n<br>- Les pens\u00e9es limitantes que je m\u2019\u00e9tais impos\u00e9es, alors qu\u2019il suffit simplement de se faire confiance.  \n<br>- Aujourd\u2019hui, je me donne du temps et je prends du temps pour moi.  \n<br>- Je me suis aussi rendu(e) compte que je donnais trop d\u2019importance \u00e0 l\u2019autre, alors que le plus important, c\u2019est moi.  \n\n<br>Tout cela pour dire que j\u2019ai appr\u00e9ci\u00e9 chaque s\u00e9ance de coaching, qui m\u2019a permis de lib\u00e9rer mes blessures int\u00e9rieures et d\u2019avancer, tout simplement, avec une attitude positive.  \n<br>#Jem\u2019aimeetalors \n\t\t\t\t\t<\/div>\n\t\t\t\t<\/div>\n\t\t\t\t\t<\/div>\n\t\t\t\t\t\t\t\t<\/div>\n\t\t\t\t\t\t\t\t\t\t\t<div class=\"swiper-slide\" role=\"group\" aria-roledescription=\"slide\">\n\t\t\t\t\t\t\t\t\t<div class=\"elementor-testimonial elementor-repeater-item-f41347c\">\n\t\t\t\t\t\t\t<div class=\"elementor-testimonial__header\">\n\t\t\t\t\t\t\t\t\t\t\t<div class=\"elementor-testimonial__image\">\n\t\t\t\t\t\t\t<img decoding=\"async\" src=\"https:\/\/laurencegemin.com\/wp-content\/uploads\/2024\/12\/Gary-ROUYARD-RealisateurProducteur-chez-SILOE-VISUAL-ARTS1.png\" alt=\"Gary ROUYARD\">\n\t\t\t\t\t\t\t\t\t\t\t\t\t<\/div>\n\t\t\t\t\t\t\t\t\t\t<cite class=\"elementor-testimonial__cite\"><span class=\"elementor-testimonial__name\">Gary ROUYARD<\/span><div class=\"elementor-star-rating\"><i class=\"elementor-star-full\">&#9733;<\/i><i class=\"elementor-star-full\">&#9733;<\/i><i class=\"elementor-star-full\">&#9733;<\/i><i class=\"elementor-star-full\">&#9733;<\/i><i class=\"elementor-star-full\">&#9733;<\/i><\/div><\/cite>\t\t\t\t\t<div class=\"elementor-testimonial__icon elementor-icon elementor-icon-quote-right\" aria-label=\"Read More\"><svg aria-hidden=\"true\" class=\"e-font-icon-svg e-fas-quote-right\" viewbox=\"0 0 512 512\" xmlns=\"http:\/\/www.w3.org\/2000\/svg\"><path d=\"M464 32H336c-26.5 0-48 21.5-48 48v128c0 26.5 21.5 48 48 48h80v64c0 35.3-28.7 64-64 64h-8c-13.3 0-24 10.7-24 24v48c0 13.3 10.7 24 24 24h8c88.4 0 160-71.6 160-160V80c0-26.5-21.5-48-48-48zm-288 0H48C21.5 32 0 53.5 0 80v128c0 26.5 21.5 48 48 48h80v64c0 35.3-28.7 64-64 64h-8c-13.3 0-24 10.7-24 24v48c0 13.3 10.7 24 24 24h8c88.4 0 160-71.6 160-160V80c0-26.5-21.5-48-48-48z\"><\/path><\/svg><\/div>\t\t\t\t<\/div>\n\t\t\t\t\t\t\t\t\t\t<div class=\"elementor-testimonial__content\">\n\t\t\t\t\t<div class=\"elementor-testimonial__text\">\n\t\t\t\t\t\tBonjour, je suis Gary ROUYARD, r\u00e9alisateur\/producteur dans le domaine du cin\u00e9ma et de la t\u00e9l\u00e9vision bas\u00e9 en Guadeloupe.  \nMa rencontre avec la coach Laurence GEMIN \u00e9tait comme providentielle. Elle intervenait \u00e0 un moment de ma vie o\u00f9 je ressentais le besoin d\u2019aller plus loin pour progresser sur le plan personnel et professionnel.  \nLe programme \u00ab JE M\u2019AIME ET ALORS \u00bb propos\u00e9 par Laurence r\u00e9pondait pr\u00e9cis\u00e9ment \u00e0 mes attentes. Sa m\u00e9thodologie, \u00e0 la fois muscl\u00e9e, pr\u00e9cise et efficace, ne laisse aucun doute sur les objectifs \u00e0 atteindre.  \nLes moyens mis en \u0153uvre sont adapt\u00e9s \u00e0 nos caract\u00e8res. Elle sait d\u00e9celer les zones d\u2019ombre en nous, pour ensuite nous apprendre \u00e0 les affronter et \u00e0 les surmonter, toujours avec empathie, bienveillance et pr\u00e9cision. Ce processus nous fait traverser toutes sortes d\u2019\u00e9motions, cela bouscule, mais on en ressort grandi et chang\u00e9 de mani\u00e8re irr\u00e9versible !  \nLaurence sait faire ressortir le meilleur de nous-m\u00eames, pour nous permettre de g\u00e9rer nos conflits int\u00e9rieurs et nos d\u00e9fis futurs, tout en redonnant confiance en nous.  \n\u00c0 tous ceux qui recherchent un changement radical et efficace, je recommande le professionnalisme de la coach certifi\u00e9e en d\u00e9veloppement personnel Laurence GEMIN et son merveilleux programme \u00ab JE M\u2019AIME ET ALORS \u00bb.  \n\t\t\t\t\t<\/div>\n\t\t\t\t<\/div>\n\t\t\t\t\t<\/div>\n\t\t\t\t\t\t\t\t<\/div>\n\t\t\t\t\t\t\t\t\t\t\t<div class=\"swiper-slide\" role=\"group\" aria-roledescription=\"slide\">\n\t\t\t\t\t\t\t\t\t<div class=\"elementor-testimonial elementor-repeater-item-6c98575\">\n\t\t\t\t\t\t\t<div class=\"elementor-testimonial__header\">\n\t\t\t\t\t\t\t\t\t\t\t<div class=\"elementor-testimonial__image\">\n\t\t\t\t\t\t\t<img decoding=\"async\" src=\"https:\/\/laurencegemin.com\/wp-content\/uploads\/2024\/12\/WhatsApp-Image-2024-12-29-at-17.00.27_5ae54abf.jpg\" alt=\"Ludovic\">\n\t\t\t\t\t\t\t\t\t\t\t\t\t<\/div>\n\t\t\t\t\t\t\t\t\t\t<cite class=\"elementor-testimonial__cite\"><span class=\"elementor-testimonial__name\">Ludovic<\/span><div class=\"elementor-star-rating\"><i class=\"elementor-star-full\">&#9733;<\/i><i class=\"elementor-star-full\">&#9733;<\/i><i class=\"elementor-star-full\">&#9733;<\/i><i class=\"elementor-star-full\">&#9733;<\/i><i class=\"elementor-star-full\">&#9733;<\/i><\/div><\/cite>\t\t\t\t\t<div class=\"elementor-testimonial__icon elementor-icon elementor-icon-quote-right\" aria-label=\"Read More\"><svg aria-hidden=\"true\" class=\"e-font-icon-svg e-fas-quote-right\" viewbox=\"0 0 512 512\" xmlns=\"http:\/\/www.w3.org\/2000\/svg\"><path d=\"M464 32H336c-26.5 0-48 21.5-48 48v128c0 26.5 21.5 48 48 48h80v64c0 35.3-28.7 64-64 64h-8c-13.3 0-24 10.7-24 24v48c0 13.3 10.7 24 24 24h8c88.4 0 160-71.6 160-160V80c0-26.5-21.5-48-48-48zm-288 0H48C21.5 32 0 53.5 0 80v128c0 26.5 21.5 48 48 48h80v64c0 35.3-28.7 64-64 64h-8c-13.3 0-24 10.7-24 24v48c0 13.3 10.7 24 24 24h8c88.4 0 160-71.6 160-160V80c0-26.5-21.5-48-48-48z\"><\/path><\/svg><\/div>\t\t\t\t<\/div>\n\t\t\t\t\t\t\t\t\t\t<div class=\"elementor-testimonial__content\">\n\t\t\t\t\t<div class=\"elementor-testimonial__text\">\n\t\t\t\t\t\tCc Laurence,  \nJe te remercie pour ton accompagnement. Tu es une coach \u00e0 l\u2019\u00e9coute, patiente et bienveillante, dot\u00e9e d\u2019un grand professionnalisme et d\u2019un esprit de perspicacit\u00e9.  \nAu top, je conseille \u00e0 100 %.  \n\t\t\t\t\t<\/div>\n\t\t\t\t<\/div>\n\t\t\t\t\t<\/div>\n\t\t\t\t\t\t\t\t<\/div>\n\t\t\t\t\t\t\t\t\t<\/div>\n\t\t\t\t\t\t\t\t\t\t\t\t\t\t\t<div class=\"swiper-pagination\"><\/div>\n\t\t\t\t\t\t\t\t\t\t\t\t\t\t\t\t<div class=\"elementor-swiper-button elementor-swiper-button-prev\" role=\"button\" tabindex=\"0\" aria-label=\"Previous\">\n\t\t\t\t\t\t\t<svg aria-hidden=\"true\" class=\"e-font-icon-svg e-eicon-chevron-left\" viewbox=\"0 0 1000 1000\" xmlns=\"http:\/\/www.w3.org\/2000\/svg\"><path d=\"M646 125C629 125 613 133 604 142L308 442C296 454 292 471 292 487 292 504 296 521 308 533L604 854C617 867 629 875 646 875 663 875 679 871 692 858 704 846 713 829 713 812 713 796 708 779 692 767L438 487 692 225C700 217 708 204 708 187 708 171 704 154 692 142 675 129 663 125 646 125Z\"><\/path><\/svg>\t\t\t\t\t\t<\/div>\n\t\t\t\t\t\t<div class=\"elementor-swiper-button elementor-swiper-button-next\" role=\"button\" tabindex=\"0\" aria-label=\"Next\">\n\t\t\t\t\t\t\t<svg aria-hidden=\"true\" class=\"e-font-icon-svg e-eicon-chevron-right\" viewbox=\"0 0 1000 1000\" xmlns=\"http:\/\/www.w3.org\/2000\/svg\"><path d=\"M696 533C708 521 713 504 713 487 713 471 708 454 696 446L400 146C388 133 375 125 354 125 338 125 325 129 313 142 300 154 292 171 292 187 292 204 296 221 308 233L563 492 304 771C292 783 288 800 288 817 288 833 296 850 308 863 321 871 338 875 354 875 371 875 388 867 400 854L696 533Z\"><\/path><\/svg>\t\t\t\t\t\t<\/div>\n\t\t\t\t\t\t\t\t\t\t\t\t<\/div>\n\t\t\t\t<\/div>\n\t\t\t\t\t\t\t\t<\/div>\n\t\t\t\t<\/div>\n\t\t\t\t\t<\/div>\n\t\t\t\t<\/div>\n\t\t\t\t<\/div>","protected":false},"excerpt":{"rendered":"<p>Nos avis clients Cindy&#9733;&#9733;&#9733;&#9733;&#9733; J&rsquo;ai commenc\u00e9 ce programme avec l&rsquo;espoir de trouver des cl\u00e9s pour avancer, et il a d\u00e9pass\u00e9 toutes mes attentes. J&rsquo;ai appris \u00e0 me lib\u00e9rer des poids du pass\u00e9, \u00e0 comprendre que je ne suis pas responsable des erreurs des autres, et surtout \u00e0 m\u2019accepter pleinement en tant qu\u2019individu unique et pr\u00e9cieux. [&hellip;]<\/p>","protected":false},"author":1,"featured_media":0,"parent":0,"menu_order":0,"comment_status":"closed","ping_status":"closed","template":"","meta":{"site-sidebar-layout":"no-sidebar","site-content-layout":"page-builder","ast-site-content-layout":"full-width-container","site-content-style":"default","site-sidebar-style":"default","ast-global-header-display":"","ast-banner-title-visibility":"","ast-main-header-display":"","ast-hfb-above-header-display":"","ast-hfb-below-header-display":"","ast-hfb-mobile-header-display":"","site-post-title":"disabled","ast-breadcrumbs-content":"","ast-featured-img":"disabled","footer-sml-layout":"","theme-transparent-header-meta":"","adv-header-id-meta":"","stick-header-meta":"","header-above-stick-meta":"","header-main-stick-meta":"","header-below-stick-meta":"","astra-migrate-meta-layouts":"set","ast-page-background-enabled":"default","ast-page-background-meta":{"desktop":{"background-color":"var(--ast-global-color-4)","background-image":"","background-repeat":"repeat","background-position":"center center","background-size":"auto","background-attachment":"scroll","background-type":"","background-media":"","overlay-type":"","overlay-color":"","overlay-opacity":"","overlay-gradient":""},"tablet":{"background-color":"","background-image":"","background-repeat":"repeat","background-position":"center center","background-size":"auto","background-attachment":"scroll","background-type":"","background-media":"","overlay-type":"","overlay-color":"","overlay-opacity":"","overlay-gradient":""},"mobile":{"background-color":"","background-image":"","background-repeat":"repeat","background-position":"center center","background-size":"auto","background-attachment":"scroll","background-type":"","background-media":"","overlay-type":"","overlay-color":"","overlay-opacity":"","overlay-gradient":""}},"ast-content-background-meta":{"desktop":{"background-color":"var(--ast-global-color-5)","background-image":"","background-repeat":"repeat","background-position":"center center","background-size":"auto","background-attachment":"scroll","background-type":"","background-media":"","overlay-type":"","overlay-color":"","overlay-opacity":"","overlay-gradient":""},"tablet":{"background-color":"var(--ast-global-color-5)","background-image":"","background-repeat":"repeat","background-position":"center center","background-size":"auto","background-attachment":"scroll","background-type":"","background-media":"","overlay-type":"","overlay-color":"","overlay-opacity":"","overlay-gradient":""},"mobile":{"background-color":"var(--ast-global-color-5)","background-image":"","background-repeat":"repeat","background-position":"center center","background-size":"auto","background-attachment":"scroll","background-type":"","background-media":"","overlay-type":"","overlay-color":"","overlay-opacity":"","overlay-gradient":""}},"footnotes":""},"class_list":["post-2109","page","type-page","status-publish","hentry"],"yoast_head":"<!-- This site is optimized with the Yoast SEO plugin v25.7 - https:\/\/yoast.com\/wordpress\/plugins\/seo\/ -->\n<title>T\u00e9moignages - Laurence Gemin<\/title>\n<meta name=\"robots\" content=\"index, follow, max-snippet:-1, max-image-preview:large, max-video-preview:-1\" \/>\n<link rel=\"canonical\" href=\"https:\/\/laurencegemin.com\/en\/temoignages\/\" \/>\n<meta property=\"og:locale\" content=\"en_US\" \/>\n<meta property=\"og:type\" content=\"article\" \/>\n<meta property=\"og:title\" content=\"T\u00e9moignages - Laurence Gemin\" \/>\n<meta property=\"og:description\" content=\"Nos avis clients Cindy&#9733;&#9733;&#9733;&#9733;&#9733; J&rsquo;ai commenc\u00e9 ce programme avec l&rsquo;espoir de trouver des cl\u00e9s pour avancer, et il a d\u00e9pass\u00e9 toutes mes attentes. J&rsquo;ai appris \u00e0 me lib\u00e9rer des poids du pass\u00e9, \u00e0 comprendre que je ne suis pas responsable des erreurs des autres, et surtout \u00e0 m\u2019accepter pleinement en tant qu\u2019individu unique et pr\u00e9cieux. [&hellip;]\" \/>\n<meta property=\"og:url\" content=\"https:\/\/laurencegemin.com\/en\/temoignages\/\" \/>\n<meta property=\"og:site_name\" content=\"Laurence Gemin\" \/>\n<meta property=\"article:modified_time\" content=\"2025-02-20T19:17:49+00:00\" \/>\n<meta property=\"og:image\" content=\"https:\/\/laurencegemin.com\/wp-content\/uploads\/2024\/12\/WhatsApp-Image-2024-12-28-at-06.52.04_30198093.jpg\" \/>\n<meta name=\"twitter:card\" content=\"summary_large_image\" \/>\n<meta name=\"twitter:label1\" content=\"Est. reading time\" \/>\n\t<meta name=\"twitter:data1\" content=\"9 minutes\" \/>\n<script type=\"application\/ld+json\" class=\"yoast-schema-graph\">{\"@context\":\"https:\/\/schema.org\",\"@graph\":[{\"@type\":\"WebPage\",\"@id\":\"https:\/\/laurencegemin.com\/temoignages\/\",\"url\":\"https:\/\/laurencegemin.com\/temoignages\/\",\"name\":\"T\u00e9moignages - Laurence Gemin\",\"isPartOf\":{\"@id\":\"https:\/\/laurencegemin.com\/#website\"},\"primaryImageOfPage\":{\"@id\":\"https:\/\/laurencegemin.com\/temoignages\/#primaryimage\"},\"image\":{\"@id\":\"https:\/\/laurencegemin.com\/temoignages\/#primaryimage\"},\"thumbnailUrl\":\"https:\/\/laurencegemin.com\/wp-content\/uploads\/2024\/12\/WhatsApp-Image-2024-12-28-at-06.52.04_30198093.jpg\",\"datePublished\":\"2024-12-29T20:59:27+00:00\",\"dateModified\":\"2025-02-20T19:17:49+00:00\",\"breadcrumb\":{\"@id\":\"https:\/\/laurencegemin.com\/temoignages\/#breadcrumb\"},\"inLanguage\":\"en-US\",\"potentialAction\":[{\"@type\":\"ReadAction\",\"target\":[\"https:\/\/laurencegemin.com\/temoignages\/\"]}]},{\"@type\":\"ImageObject\",\"inLanguage\":\"en-US\",\"@id\":\"https:\/\/laurencegemin.com\/temoignages\/#primaryimage\",\"url\":\"https:\/\/laurencegemin.com\/wp-content\/uploads\/2024\/12\/WhatsApp-Image-2024-12-28-at-06.52.04_30198093.jpg\",\"contentUrl\":\"https:\/\/laurencegemin.com\/wp-content\/uploads\/2024\/12\/WhatsApp-Image-2024-12-28-at-06.52.04_30198093.jpg\"},{\"@type\":\"BreadcrumbList\",\"@id\":\"https:\/\/laurencegemin.com\/temoignages\/#breadcrumb\",\"itemListElement\":[{\"@type\":\"ListItem\",\"position\":1,\"name\":\"Accueil\",\"item\":\"https:\/\/laurencegemin.com\/\"},{\"@type\":\"ListItem\",\"position\":2,\"name\":\"T\u00e9moignages\"}]},{\"@type\":\"WebSite\",\"@id\":\"https:\/\/laurencegemin.com\/#website\",\"url\":\"https:\/\/laurencegemin.com\/\",\"name\":\"Laurence Gemin\",\"description\":\"Lotus Spa Template\",\"publisher\":{\"@id\":\"https:\/\/laurencegemin.com\/#organization\"},\"potentialAction\":[{\"@type\":\"SearchAction\",\"target\":{\"@type\":\"EntryPoint\",\"urlTemplate\":\"https:\/\/laurencegemin.com\/?s={search_term_string}\"},\"query-input\":{\"@type\":\"PropertyValueSpecification\",\"valueRequired\":true,\"valueName\":\"search_term_string\"}}],\"inLanguage\":\"en-US\"},{\"@type\":\"Organization\",\"@id\":\"https:\/\/laurencegemin.com\/#organization\",\"name\":\"Laurence Gemin\",\"url\":\"https:\/\/laurencegemin.com\/\",\"logo\":{\"@type\":\"ImageObject\",\"inLanguage\":\"en-US\",\"@id\":\"https:\/\/laurencegemin.com\/#\/schema\/logo\/image\/\",\"url\":\"https:\/\/laurencegemin.com\/wp-content\/uploads\/2024\/12\/cropped-cropped-original.png\",\"contentUrl\":\"https:\/\/laurencegemin.com\/wp-content\/uploads\/2024\/12\/cropped-cropped-original.png\",\"width\":512,\"height\":380,\"caption\":\"Laurence Gemin\"},\"image\":{\"@id\":\"https:\/\/laurencegemin.com\/#\/schema\/logo\/image\/\"}}]}<\/script>\n<!-- \/ Yoast SEO plugin. -->","yoast_head_json":{"title":"T\u00e9moignages - Laurence Gemin","robots":{"index":"index","follow":"follow","max-snippet":"max-snippet:-1","max-image-preview":"max-image-preview:large","max-video-preview":"max-video-preview:-1"},"canonical":"https:\/\/laurencegemin.com\/en\/temoignages\/","og_locale":"en_US","og_type":"article","og_title":"T\u00e9moignages - Laurence Gemin","og_description":"Nos avis clients Cindy&#9733;&#9733;&#9733;&#9733;&#9733; J&rsquo;ai commenc\u00e9 ce programme avec l&rsquo;espoir de trouver des cl\u00e9s pour avancer, et il a d\u00e9pass\u00e9 toutes mes attentes. J&rsquo;ai appris \u00e0 me lib\u00e9rer des poids du pass\u00e9, \u00e0 comprendre que je ne suis pas responsable des erreurs des autres, et surtout \u00e0 m\u2019accepter pleinement en tant qu\u2019individu unique et pr\u00e9cieux. [&hellip;]","og_url":"https:\/\/laurencegemin.com\/en\/temoignages\/","og_site_name":"Laurence Gemin","article_modified_time":"2025-02-20T19:17:49+00:00","og_image":[{"url":"https:\/\/laurencegemin.com\/wp-content\/uploads\/2024\/12\/WhatsApp-Image-2024-12-28-at-06.52.04_30198093.jpg","type":"","width":"","height":""}],"twitter_card":"summary_large_image","twitter_misc":{"Est. reading time":"9 minutes"},"schema":{"@context":"https:\/\/schema.org","@graph":[{"@type":"WebPage","@id":"https:\/\/laurencegemin.com\/temoignages\/","url":"https:\/\/laurencegemin.com\/temoignages\/","name":"T\u00e9moignages - Laurence Gemin","isPartOf":{"@id":"https:\/\/laurencegemin.com\/#website"},"primaryImageOfPage":{"@id":"https:\/\/laurencegemin.com\/temoignages\/#primaryimage"},"image":{"@id":"https:\/\/laurencegemin.com\/temoignages\/#primaryimage"},"thumbnailUrl":"https:\/\/laurencegemin.com\/wp-content\/uploads\/2024\/12\/WhatsApp-Image-2024-12-28-at-06.52.04_30198093.jpg","datePublished":"2024-12-29T20:59:27+00:00","dateModified":"2025-02-20T19:17:49+00:00","breadcrumb":{"@id":"https:\/\/laurencegemin.com\/temoignages\/#breadcrumb"},"inLanguage":"en-US","potentialAction":[{"@type":"ReadAction","target":["https:\/\/laurencegemin.com\/temoignages\/"]}]},{"@type":"ImageObject","inLanguage":"en-US","@id":"https:\/\/laurencegemin.com\/temoignages\/#primaryimage","url":"https:\/\/laurencegemin.com\/wp-content\/uploads\/2024\/12\/WhatsApp-Image-2024-12-28-at-06.52.04_30198093.jpg","contentUrl":"https:\/\/laurencegemin.com\/wp-content\/uploads\/2024\/12\/WhatsApp-Image-2024-12-28-at-06.52.04_30198093.jpg"},{"@type":"BreadcrumbList","@id":"https:\/\/laurencegemin.com\/temoignages\/#breadcrumb","itemListElement":[{"@type":"ListItem","position":1,"name":"Accueil","item":"https:\/\/laurencegemin.com\/"},{"@type":"ListItem","position":2,"name":"T\u00e9moignages"}]},{"@type":"WebSite","@id":"https:\/\/laurencegemin.com\/#website","url":"https:\/\/laurencegemin.com\/","name":"Laurence Gemin","description":"Lotus Spa Template","publisher":{"@id":"https:\/\/laurencegemin.com\/#organization"},"potentialAction":[{"@type":"SearchAction","target":{"@type":"EntryPoint","urlTemplate":"https:\/\/laurencegemin.com\/?s={search_term_string}"},"query-input":{"@type":"PropertyValueSpecification","valueRequired":true,"valueName":"search_term_string"}}],"inLanguage":"en-US"},{"@type":"Organization","@id":"https:\/\/laurencegemin.com\/#organization","name":"Laurence Gemin","url":"https:\/\/laurencegemin.com\/","logo":{"@type":"ImageObject","inLanguage":"en-US","@id":"https:\/\/laurencegemin.com\/#\/schema\/logo\/image\/","url":"https:\/\/laurencegemin.com\/wp-content\/uploads\/2024\/12\/cropped-cropped-original.png","contentUrl":"https:\/\/laurencegemin.com\/wp-content\/uploads\/2024\/12\/cropped-cropped-original.png","width":512,"height":380,"caption":"Laurence Gemin"},"image":{"@id":"https:\/\/laurencegemin.com\/#\/schema\/logo\/image\/"}}]}},"_links":{"self":[{"href":"https:\/\/laurencegemin.com\/en\/wp-json\/wp\/v2\/pages\/2109","targetHints":{"allow":["GET"]}}],"collection":[{"href":"https:\/\/laurencegemin.com\/en\/wp-json\/wp\/v2\/pages"}],"about":[{"href":"https:\/\/laurencegemin.com\/en\/wp-json\/wp\/v2\/types\/page"}],"author":[{"embeddable":true,"href":"https:\/\/laurencegemin.com\/en\/wp-json\/wp\/v2\/users\/1"}],"replies":[{"embeddable":true,"href":"https:\/\/laurencegemin.com\/en\/wp-json\/wp\/v2\/comments?post=2109"}],"version-history":[{"count":10,"href":"https:\/\/laurencegemin.com\/en\/wp-json\/wp\/v2\/pages\/2109\/revisions"}],"predecessor-version":[{"id":2268,"href":"https:\/\/laurencegemin.com\/en\/wp-json\/wp\/v2\/pages\/2109\/revisions\/2268"}],"wp:attachment":[{"href":"https:\/\/laurencegemin.com\/en\/wp-json\/wp\/v2\/media?parent=2109"}],"curies":[{"name":"wp","href":"https:\/\/api.w.org\/{rel}","templated":true}]}}